{"id":42,"date":"2023-08-29T18:16:19","date_gmt":"2023-08-29T18:16:19","guid":{"rendered":"https:\/\/fkberj.com.br\/site\/?page_id=42"},"modified":"2024-06-20T17:49:42","modified_gmt":"2024-06-20T17:49:42","slug":"noticias","status":"publish","type":"page","link":"https:\/\/www.fkberj.com.br\/site\/noticias\/","title":{"rendered":"Not\u00edcias"},"content":{"rendered":"\t\t<div data-elementor-type=\"wp-page\" data-elementor-id=\"42\" class=\"elementor elementor-42\">\n\t\t\t\t\t\t<section class=\"elementor-section elementor-top-section elementor-element elementor-element-bf6c6fd elementor-section-full_width elementor-section-height-default elementor-section-height-default\" data-id=\"bf6c6fd\" data-element_type=\"section\" data-settings=\"{&quot;background_background&quot;:&quot;classic&quot;}\">\n\t\t\t\t\t\t<div class=\"elementor-container elementor-column-gap-default\">\n\t\t\t\t\t<div class=\"elementor-column elementor-col-100 elementor-top-column elementor-element elementor-element-11cacab\" data-id=\"11cacab\" data-element_type=\"column\">\n\t\t\t<div class=\"elementor-widget-wrap elementor-element-populated\">\n\t\t\t\t\t\t<div class=\"elementor-element elementor-element-88680ce elementor-widget elementor-widget-heading\" data-id=\"88680ce\" data-element_type=\"widget\" data-widget_type=\"heading.default\">\n\t\t\t\t<div class=\"elementor-widget-container\">\n\t\t\t<h2 class=\"elementor-heading-title elementor-size-default\">Not\u00edcias<\/h2>\t\t<\/div>\n\t\t\t\t<\/div>\n\t\t\t\t\t<\/div>\n\t\t<\/div>\n\t\t\t\t\t<\/div>\n\t\t<\/section>\n\t\t\t\t<section class=\"elementor-section elementor-top-section elementor-element elementor-element-2688383 elementor-section-stretched elementor-section-boxed elementor-section-height-default elementor-section-height-default\" data-id=\"2688383\" data-element_type=\"section\" data-settings=\"{&quot;stretch_section&quot;:&quot;section-stretched&quot;}\">\n\t\t\t\t\t\t<div class=\"elementor-container elementor-column-gap-default\">\n\t\t\t\t\t<div class=\"elementor-column elementor-col-100 elementor-top-column elementor-element elementor-element-9f602f0\" data-id=\"9f602f0\" data-element_type=\"column\">\n\t\t\t<div class=\"elementor-widget-wrap elementor-element-populated\">\n\t\t\t\t\t\t<div class=\"elementor-element elementor-element-b960e96 elementor-grid-eael-col-4 elementor-grid-tablet-eael-col-2 elementor-grid-mobile-eael-col-1 elementor-invisible elementor-widget elementor-widget-eael-post-grid\" data-id=\"b960e96\" data-element_type=\"widget\" data-settings=\"{&quot;_animation&quot;:&quot;fadeIn&quot;,&quot;eael_post_grid_columns&quot;:&quot;eael-col-4&quot;,&quot;eael_post_grid_columns_tablet&quot;:&quot;eael-col-2&quot;,&quot;eael_post_grid_columns_mobile&quot;:&quot;eael-col-1&quot;}\" data-widget_type=\"eael-post-grid.default\">\n\t\t\t\t<div class=\"elementor-widget-container\">\n\t\t\t<div id=\"eael-post-grid-b960e96\" class=\"eael-post-grid-container\">\n            <div class=\"eael-post-grid eael-post-appender eael-post-appender-b960e96 eael-post-grid-style-two\" data-layout-mode=\"grid\"><article class=\"eael-grid-post eael-post-grid-column\" data-id=\"456\">\n        <div class=\"eael-grid-post-holder\">\n            <div class=\"eael-grid-post-holder-inner\"><div class=\"eael-entry-media\"><div class=\"eael-entry-overlay fade-in\"><i class=\"fas fa-long-arrow-alt-right\" aria-hidden=\"true\"><\/i><a href=\"https:\/\/www.fkberj.com.br\/site\/2024\/04\/24\/elementor-456\/\"><\/a><\/div><div class=\"eael-entry-thumbnail \">\n                                <img fetchpriority=\"high\" decoding=\"async\" width=\"1080\" height=\"1080\" src=\"https:\/\/www.fkberj.com.br\/site\/wp-content\/uploads\/2024\/06\/noticia__1.30.jpeg\" class=\"attachment-1536x1536 size-1536x1536 wp-image-458\" alt=\"\" srcset=\"https:\/\/www.fkberj.com.br\/site\/wp-content\/uploads\/2024\/06\/noticia__1.30.jpeg 1080w, https:\/\/www.fkberj.com.br\/site\/wp-content\/uploads\/2024\/06\/noticia__1.30-300x300.jpeg 300w, https:\/\/www.fkberj.com.br\/site\/wp-content\/uploads\/2024\/06\/noticia__1.30-1024x1024.jpeg 1024w, https:\/\/www.fkberj.com.br\/site\/wp-content\/uploads\/2024\/06\/noticia__1.30-150x150.jpeg 150w, https:\/\/www.fkberj.com.br\/site\/wp-content\/uploads\/2024\/06\/noticia__1.30-768x768.jpeg 768w, https:\/\/www.fkberj.com.br\/site\/wp-content\/uploads\/2024\/06\/noticia__1.30-600x600.jpeg 600w\" sizes=\"(max-width: 1080px) 100vw, 1080px\" \/>\n                              <\/div>\n                      <\/div><div class=\"eael-entry-wrapper\"><header class=\"eael-entry-header\"><h2 class=\"eael-entry-title\"><a class=\"eael-grid-post-link\" href=\"https:\/\/www.fkberj.com.br\/site\/2024\/04\/24\/elementor-456\/\" title=\"Campeonato Estadual de Kickboxing da FKBERJ re\u00fane os melhores atletas do Rio de Janeiro!\">Campeonato Estadual de Kickboxing da FKBERJ re\u00fane os melhores atletas do Rio de Janeiro!<\/a><\/h2><\/header><div class=\"eael-entry-content\">\n                                    <div class=\"eael-grid-post-excerpt\"><p>Campeonato Estadual de Kickboxing da FKBERJ re\u00fane os melhores atletas do Rio de Janeiro! Nos dias 20, 21 e 23 de abril, aconteceu o Campeonato Estadual de Kickboxing 2024 da FKBERJ (Federa\u00e7\u00e3o de Kickboxing do Estado do Rio de Janeiro),...<\/p><a\n                                        href=\"https:\/\/www.fkberj.com.br\/site\/2024\/04\/24\/elementor-456\/\"\n                                        class=\"eael-post-elements-readmore-btn\">Ler mais<\/a><\/div>\n                                <\/div><div class=\"eael-entry-header-after style-two\"><div class=\"eael-entry-meta\"><span class=\"eael-meta-posted-on\"><i class=\"far fa-clock\"><\/i><time datetime=\"abril 24, 2024\">abril 24, 2024<\/time><\/span><\/div><\/div><\/div><\/div>\n        <\/div>\n    <\/article><article class=\"eael-grid-post eael-post-grid-column\" data-id=\"60\">\n        <div class=\"eael-grid-post-holder\">\n            <div class=\"eael-grid-post-holder-inner\"><div class=\"eael-entry-media\"><div class=\"eael-entry-overlay fade-in\"><i class=\"fas fa-long-arrow-alt-right\" aria-hidden=\"true\"><\/i><a href=\"https:\/\/www.fkberj.com.br\/site\/2023\/08\/29\/projeto-lutar-e-viver-kickboxing\/\"><\/a><\/div><div class=\"eael-entry-thumbnail \">\n                                <img decoding=\"async\" width=\"1249\" height=\"1536\" src=\"https:\/\/www.fkberj.com.br\/site\/wp-content\/uploads\/2023\/08\/noticia__IMG-20230821-WA00561-1249x1536.jpg\" class=\"attachment-1536x1536 size-1536x1536 wp-image-61\" alt=\"\" srcset=\"https:\/\/www.fkberj.com.br\/site\/wp-content\/uploads\/2023\/08\/noticia__IMG-20230821-WA00561-1249x1536.jpg 1249w, https:\/\/www.fkberj.com.br\/site\/wp-content\/uploads\/2023\/08\/noticia__IMG-20230821-WA00561-244x300.jpg 244w, https:\/\/www.fkberj.com.br\/site\/wp-content\/uploads\/2023\/08\/noticia__IMG-20230821-WA00561-833x1024.jpg 833w, https:\/\/www.fkberj.com.br\/site\/wp-content\/uploads\/2023\/08\/noticia__IMG-20230821-WA00561-768x945.jpg 768w, https:\/\/www.fkberj.com.br\/site\/wp-content\/uploads\/2023\/08\/noticia__IMG-20230821-WA00561.jpg 1301w\" sizes=\"(max-width: 1249px) 100vw, 1249px\" \/>\n                              <\/div>\n                      <\/div><div class=\"eael-entry-wrapper\"><header class=\"eael-entry-header\"><h2 class=\"eael-entry-title\"><a class=\"eael-grid-post-link\" href=\"https:\/\/www.fkberj.com.br\/site\/2023\/08\/29\/projeto-lutar-e-viver-kickboxing\/\" title=\"Projeto Lutar \u00e9 Viver &#8211; Kickboxing\">Projeto Lutar \u00e9 Viver &#8211; Kickboxing<\/a><\/h2><\/header><div class=\"eael-entry-content\">\n                                    <div class=\"eael-grid-post-excerpt\"><p>FKBERJO Secret\u00e1rio de Esporte e Lazer de S\u00e3o Gon\u00e7alo Bruno Porto, junto com o Presidente da FKBERJ Capitulino Gomes, traz uma excelente not\u00edcia para os atletas gon\u00e7alenses: O lan\u00e7amento do Projeto Lutar \u00e9 Viver que est\u00e1 disponibilizando n\u00facleos para forma\u00e7\u00e3o...<\/p><a\n                                        href=\"https:\/\/www.fkberj.com.br\/site\/2023\/08\/29\/projeto-lutar-e-viver-kickboxing\/\"\n                                        class=\"eael-post-elements-readmore-btn\">Ler mais<\/a><\/div>\n                                <\/div><div class=\"eael-entry-header-after style-two\"><div class=\"eael-entry-meta\"><span class=\"eael-meta-posted-on\"><i class=\"far fa-clock\"><\/i><time datetime=\"agosto 29, 2023\">agosto 29, 2023<\/time><\/span><\/div><\/div><\/div><\/div>\n        <\/div>\n    <\/article><\/div>\n            <div class=\"clearfix\"><\/div>\n        <\/div>\t\t<\/div>\n\t\t\t\t<\/div>\n\t\t\t\t\t<\/div>\n\t\t<\/div>\n\t\t\t\t\t<\/div>\n\t\t<\/section>\n\t\t\t\t<\/div>\n\t\t","protected":false},"excerpt":{"rendered":"<p>Not\u00edcias Campeonato Estadual de Kickboxing da FKBERJ re\u00fane os melhores atletas do Rio de Janeiro! Campeonato Estadual de Kickboxing da FKBERJ re\u00fane os melhores atletas do Rio de Janeiro! Nos dias 20, 21 e 23 de abril, aconteceu o Campeonato Estadual de Kickboxing 2024 da FKBERJ (Federa\u00e7\u00e3o de Kickboxing do Estado do Rio de Janeiro),&#8230; [&hellip;]<\/p>\n","protected":false},"author":1,"featured_media":0,"parent":0,"menu_order":0,"comment_status":"closed","ping_status":"closed","template":"","meta":{"footnotes":""},"class_list":["post-42","page","type-page","status-publish","hentry","entry","has-media"],"aioseo_notices":[],"_links":{"self":[{"href":"https:\/\/www.fkberj.com.br\/site\/wp-json\/wp\/v2\/pages\/42","targetHints":{"allow":["GET"]}}],"collection":[{"href":"https:\/\/www.fkberj.com.br\/site\/wp-json\/wp\/v2\/pages"}],"about":[{"href":"https:\/\/www.fkberj.com.br\/site\/wp-json\/wp\/v2\/types\/page"}],"author":[{"embeddable":true,"href":"https:\/\/www.fkberj.com.br\/site\/wp-json\/wp\/v2\/users\/1"}],"replies":[{"embeddable":true,"href":"https:\/\/www.fkberj.com.br\/site\/wp-json\/wp\/v2\/comments?post=42"}],"version-history":[{"count":34,"href":"https:\/\/www.fkberj.com.br\/site\/wp-json\/wp\/v2\/pages\/42\/revisions"}],"predecessor-version":[{"id":563,"href":"https:\/\/www.fkberj.com.br\/site\/wp-json\/wp\/v2\/pages\/42\/revisions\/563"}],"wp:attachment":[{"href":"https:\/\/www.fkberj.com.br\/site\/wp-json\/wp\/v2\/media?parent=42"}],"curies":[{"name":"wp","href":"https:\/\/api.w.org\/{rel}","templated":true}]}}