{"id":326,"date":"2023-09-28T19:13:20","date_gmt":"2023-09-28T19:13:20","guid":{"rendered":"https:\/\/fkberj.com.br\/site\/?page_id=326"},"modified":"2023-09-28T19:22:30","modified_gmt":"2023-09-28T19:22:30","slug":"videos","status":"publish","type":"page","link":"https:\/\/www.fkberj.com.br\/site\/videos\/","title":{"rendered":"V\u00eddeos"},"content":{"rendered":"\t\t<div data-elementor-type=\"wp-page\" data-elementor-id=\"326\" class=\"elementor elementor-326\">\n\t\t\t\t\t\t<section class=\"elementor-section elementor-top-section elementor-element elementor-element-bf6c6fd elementor-section-full_width elementor-section-height-default elementor-section-height-default\" data-id=\"bf6c6fd\" data-element_type=\"section\" data-settings=\"{&quot;background_background&quot;:&quot;classic&quot;}\">\n\t\t\t\t\t\t<div class=\"elementor-container elementor-column-gap-default\">\n\t\t\t\t\t<div class=\"elementor-column elementor-col-100 elementor-top-column elementor-element elementor-element-11cacab\" data-id=\"11cacab\" data-element_type=\"column\">\n\t\t\t<div class=\"elementor-widget-wrap elementor-element-populated\">\n\t\t\t\t\t\t<div class=\"elementor-element elementor-element-88680ce elementor-widget elementor-widget-heading\" data-id=\"88680ce\" data-element_type=\"widget\" data-widget_type=\"heading.default\">\n\t\t\t\t<div class=\"elementor-widget-container\">\n\t\t\t<h2 class=\"elementor-heading-title elementor-size-default\">V\u00eddeos<\/h2>\t\t<\/div>\n\t\t\t\t<\/div>\n\t\t\t\t\t<\/div>\n\t\t<\/div>\n\t\t\t\t\t<\/div>\n\t\t<\/section>\n\t\t\t\t<section class=\"elementor-section elementor-top-section elementor-element elementor-element-2688383 elementor-section-stretched elementor-section-boxed elementor-section-height-default elementor-section-height-default\" data-id=\"2688383\" data-element_type=\"section\" data-settings=\"{&quot;stretch_section&quot;:&quot;section-stretched&quot;}\">\n\t\t\t\t\t\t<div class=\"elementor-container elementor-column-gap-default\">\n\t\t\t\t\t<div class=\"elementor-column elementor-col-100 elementor-top-column elementor-element elementor-element-9f602f0\" data-id=\"9f602f0\" data-element_type=\"column\">\n\t\t\t<div class=\"elementor-widget-wrap elementor-element-populated\">\n\t\t\t\t\t\t<div class=\"elementor-element elementor-element-b960e96 elementor-grid-eael-col-4 elementor-grid-tablet-eael-col-2 elementor-grid-mobile-eael-col-1 elementor-invisible elementor-widget elementor-widget-eael-post-grid\" data-id=\"b960e96\" data-element_type=\"widget\" data-settings=\"{&quot;_animation&quot;:&quot;fadeIn&quot;,&quot;eael_post_grid_columns&quot;:&quot;eael-col-4&quot;,&quot;eael_post_grid_columns_tablet&quot;:&quot;eael-col-2&quot;,&quot;eael_post_grid_columns_mobile&quot;:&quot;eael-col-1&quot;}\" data-widget_type=\"eael-post-grid.default\">\n\t\t\t\t<div class=\"elementor-widget-container\">\n\t\t\t<div id=\"eael-post-grid-b960e96\" class=\"eael-post-grid-container\">\n            <div class=\"eael-post-grid eael-post-appender eael-post-appender-b960e96 eael-post-grid-style-two\" data-layout-mode=\"grid\"><article class=\"eael-grid-post eael-post-grid-column\" data-id=\"332\">\n        <div class=\"eael-grid-post-holder\">\n            <div class=\"eael-grid-post-holder-inner\"><div class=\"eael-entry-wrapper\"><header class=\"eael-entry-header\"><h2 class=\"eael-entry-title\"><a class=\"eael-grid-post-link\" href=\"https:\/\/www.fkberj.com.br\/site\/2023\/09\/28\/entrevista-com-o-secretario-de-sao-goncalo-bruno-porto-intermunicipal-2023\/\" title=\"Entrevista com o Secret\u00e1rio de S\u00e3o Gon\u00e7alo, Bruno Porto, Intermunicipal 2023\">Entrevista com o Secret\u00e1rio de S\u00e3o Gon\u00e7alo, Bruno Porto, Intermunicipal 2023<\/a><\/h2><\/header><div class=\"eael-entry-content\">\n                                    <div class=\"eael-grid-post-excerpt\"><p>https:\/\/youtu.be\/M8-yghksUvE Postagem: 13\/07\/2023 Entrevista com o Secret\u00e1rio de Esporte e Lazer do Munic\u00edpio de S\u00e3o Gon\u00e7alo Bruno Porto que, atrav\u00e9s da parceria com a FKBERJ, beneficiou a todos os atletas...<\/p><a\n                                        href=\"https:\/\/www.fkberj.com.br\/site\/2023\/09\/28\/entrevista-com-o-secretario-de-sao-goncalo-bruno-porto-intermunicipal-2023\/\"\n                                        class=\"eael-post-elements-readmore-btn\">Ler mais<\/a><\/div>\n                                <\/div><div class=\"eael-entry-header-after style-two\"><div class=\"eael-entry-meta\"><span class=\"eael-meta-posted-on\"><i class=\"far fa-clock\"><\/i><time datetime=\"setembro 28, 2023\">setembro 28, 2023<\/time><\/span><\/div><\/div><\/div><\/div>\n        <\/div>\n    <\/article><\/div>\n            <div class=\"clearfix\"><\/div>\n        <\/div>\t\t<\/div>\n\t\t\t\t<\/div>\n\t\t\t\t\t<\/div>\n\t\t<\/div>\n\t\t\t\t\t<\/div>\n\t\t<\/section>\n\t\t\t\t<\/div>\n\t\t","protected":false},"excerpt":{"rendered":"<p>V\u00eddeos Entrevista com o Secret\u00e1rio de S\u00e3o Gon\u00e7alo, Bruno Porto, Intermunicipal 2023 https:\/\/youtu.be\/M8-yghksUvE Postagem: 13\/07\/2023 Entrevista com o Secret\u00e1rio de Esporte e Lazer do Munic\u00edpio de S\u00e3o Gon\u00e7alo Bruno Porto que, atrav\u00e9s da parceria com a FKBERJ, beneficiou a todos os atletas&#8230; Ler mais setembro 28, 2023<\/p>\n","protected":false},"author":1,"featured_media":0,"parent":0,"menu_order":0,"comment_status":"closed","ping_status":"closed","template":"","meta":{"footnotes":""},"class_list":["post-326","page","type-page","status-publish","hentry","entry"],"aioseo_notices":[],"_links":{"self":[{"href":"https:\/\/www.fkberj.com.br\/site\/wp-json\/wp\/v2\/pages\/326","targetHints":{"allow":["GET"]}}],"collection":[{"href":"https:\/\/www.fkberj.com.br\/site\/wp-json\/wp\/v2\/pages"}],"about":[{"href":"https:\/\/www.fkberj.com.br\/site\/wp-json\/wp\/v2\/types\/page"}],"author":[{"embeddable":true,"href":"https:\/\/www.fkberj.com.br\/site\/wp-json\/wp\/v2\/users\/1"}],"replies":[{"embeddable":true,"href":"https:\/\/www.fkberj.com.br\/site\/wp-json\/wp\/v2\/comments?post=326"}],"version-history":[{"count":10,"href":"https:\/\/www.fkberj.com.br\/site\/wp-json\/wp\/v2\/pages\/326\/revisions"}],"predecessor-version":[{"id":342,"href":"https:\/\/www.fkberj.com.br\/site\/wp-json\/wp\/v2\/pages\/326\/revisions\/342"}],"wp:attachment":[{"href":"https:\/\/www.fkberj.com.br\/site\/wp-json\/wp\/v2\/media?parent=326"}],"curies":[{"name":"wp","href":"https:\/\/api.w.org\/{rel}","templated":true}]}}