{"id":256,"date":"2023-09-26T20:19:06","date_gmt":"2023-09-26T20:19:06","guid":{"rendered":"https:\/\/fkberj.com.br\/site\/?page_id=256"},"modified":"2024-07-01T19:27:06","modified_gmt":"2024-07-01T19:27:06","slug":"eventos","status":"publish","type":"page","link":"https:\/\/www.fkberj.com.br\/site\/eventos\/","title":{"rendered":"Eventos"},"content":{"rendered":"\t\t<div data-elementor-type=\"wp-page\" data-elementor-id=\"256\" class=\"elementor elementor-256\">\n\t\t\t\t\t\t<section class=\"elementor-section elementor-top-section elementor-element elementor-element-bf6c6fd elementor-section-full_width elementor-section-height-default elementor-section-height-default\" data-id=\"bf6c6fd\" data-element_type=\"section\" data-settings=\"{&quot;background_background&quot;:&quot;classic&quot;}\">\n\t\t\t\t\t\t<div class=\"elementor-container elementor-column-gap-default\">\n\t\t\t\t\t<div class=\"elementor-column elementor-col-100 elementor-top-column elementor-element elementor-element-11cacab\" data-id=\"11cacab\" data-element_type=\"column\">\n\t\t\t<div class=\"elementor-widget-wrap elementor-element-populated\">\n\t\t\t\t\t\t<div class=\"elementor-element elementor-element-88680ce elementor-widget elementor-widget-heading\" data-id=\"88680ce\" data-element_type=\"widget\" data-widget_type=\"heading.default\">\n\t\t\t\t<div class=\"elementor-widget-container\">\n\t\t\t<h2 class=\"elementor-heading-title elementor-size-default\">Eventos<\/h2>\t\t<\/div>\n\t\t\t\t<\/div>\n\t\t\t\t\t<\/div>\n\t\t<\/div>\n\t\t\t\t\t<\/div>\n\t\t<\/section>\n\t\t\t\t<section class=\"elementor-section elementor-top-section elementor-element elementor-element-2688383 elementor-section-stretched elementor-section-boxed elementor-section-height-default elementor-section-height-default\" data-id=\"2688383\" data-element_type=\"section\" data-settings=\"{&quot;stretch_section&quot;:&quot;section-stretched&quot;}\">\n\t\t\t\t\t\t<div class=\"elementor-container elementor-column-gap-default\">\n\t\t\t\t\t<div class=\"elementor-column elementor-col-100 elementor-top-column elementor-element elementor-element-9f602f0\" data-id=\"9f602f0\" data-element_type=\"column\">\n\t\t\t<div class=\"elementor-widget-wrap elementor-element-populated\">\n\t\t\t\t\t\t<div class=\"elementor-element elementor-element-b960e96 elementor-grid-eael-col-4 elementor-grid-tablet-eael-col-2 elementor-grid-mobile-eael-col-1 elementor-invisible elementor-widget elementor-widget-eael-post-grid\" data-id=\"b960e96\" data-element_type=\"widget\" data-settings=\"{&quot;_animation&quot;:&quot;fadeIn&quot;,&quot;eael_post_grid_columns&quot;:&quot;eael-col-4&quot;,&quot;eael_post_grid_columns_tablet&quot;:&quot;eael-col-2&quot;,&quot;eael_post_grid_columns_mobile&quot;:&quot;eael-col-1&quot;}\" data-widget_type=\"eael-post-grid.default\">\n\t\t\t\t<div class=\"elementor-widget-container\">\n\t\t\t<div id=\"eael-post-grid-b960e96\" class=\"eael-post-grid-container\">\n            <div class=\"eael-post-grid eael-post-appender eael-post-appender-b960e96 eael-post-grid-style-two\" data-layout-mode=\"grid\"><article class=\"eael-grid-post eael-post-grid-column\" data-id=\"676\">\n        <div class=\"eael-grid-post-holder\">\n            <div class=\"eael-grid-post-holder-inner\"><div class=\"eael-entry-media\"><div class=\"eael-entry-overlay fade-in\"><i class=\"fas fa-long-arrow-alt-right\" aria-hidden=\"true\"><\/i><a href=\"https:\/\/www.fkberj.com.br\/site\/2024\/12\/03\/taca-sao-joao-da-barra-de-kickboxing-2024\/\"><\/a><\/div><div class=\"eael-entry-thumbnail eael-image-ratio\">\n                                <img decoding=\"async\" width=\"300\" height=\"96\" src=\"https:\/\/www.fkberj.com.br\/site\/wp-content\/uploads\/2024\/12\/TACA_SJ_BARRA_capa-300x96.jpg\" class=\"attachment-medium size-medium wp-image-672\" alt=\"\" srcset=\"https:\/\/www.fkberj.com.br\/site\/wp-content\/uploads\/2024\/12\/TACA_SJ_BARRA_capa-300x96.jpg 300w, https:\/\/www.fkberj.com.br\/site\/wp-content\/uploads\/2024\/12\/TACA_SJ_BARRA_capa-1024x328.jpg 1024w, https:\/\/www.fkberj.com.br\/site\/wp-content\/uploads\/2024\/12\/TACA_SJ_BARRA_capa-768x246.jpg 768w, https:\/\/www.fkberj.com.br\/site\/wp-content\/uploads\/2024\/12\/TACA_SJ_BARRA_capa-1536x492.jpg 1536w, https:\/\/www.fkberj.com.br\/site\/wp-content\/uploads\/2024\/12\/TACA_SJ_BARRA_capa-2048x656.jpg 2048w\" sizes=\"(max-width: 300px) 100vw, 300px\" \/>\n                              <\/div>\n                      <\/div><div class=\"eael-entry-wrapper\"><header class=\"eael-entry-header\"><h2 class=\"eael-entry-title\"><a class=\"eael-grid-post-link\" href=\"https:\/\/www.fkberj.com.br\/site\/2024\/12\/03\/taca-sao-joao-da-barra-de-kickboxing-2024\/\" title=\"Ta\u00e7a S\u00e3o Jo\u00e3o da Barra de Kickboxing 2024\">Ta\u00e7a S\u00e3o Jo\u00e3o da Barra de Kickboxing 2024<\/a><\/h2><\/header><div class=\"eael-entry-content\">\n                                    <div class=\"eael-grid-post-excerpt\"><p>TA\u00c7A S\u00c3O JO\u00c3O DA BARRA DE KICKBOXING 2024\u00a0 Informo aos interessados, que a Ta\u00e7a S\u00e3o Jo\u00e3o da Barra de Kickboxing 2024, ser\u00e1 realizada no\u00a0Gin\u00e1sio Poliesportivo de S\u00e3o Jo\u00e3o da Barra,\u00a0Rua Bar\u00e3o de Barcelos, 88 &#8211; Centro &#8211;\u00a0S\u00e3o Jo\u00e3o da Barra\u00a0&#8211;...<\/p><a\n                                        href=\"https:\/\/www.fkberj.com.br\/site\/2024\/12\/03\/taca-sao-joao-da-barra-de-kickboxing-2024\/\"\n                                        class=\"eael-post-elements-readmore-btn\">Ler mais<\/a><\/div>\n                                <\/div><div class=\"eael-entry-header-after style-two\"><div class=\"eael-entry-meta\"><span class=\"eael-meta-posted-on\"><i class=\"far fa-clock\"><\/i><time datetime=\"dezembro 3, 2024\">dezembro 3, 2024<\/time><\/span><\/div><\/div><\/div><\/div>\n        <\/div>\n    <\/article><article class=\"eael-grid-post eael-post-grid-column\" data-id=\"605\">\n        <div class=\"eael-grid-post-holder\">\n            <div class=\"eael-grid-post-holder-inner\"><div class=\"eael-entry-media\"><div class=\"eael-entry-overlay fade-in\"><i class=\"fas fa-long-arrow-alt-right\" aria-hidden=\"true\"><\/i><a href=\"https:\/\/www.fkberj.com.br\/site\/2024\/09\/04\/campeonato-intermunicipal-de-kickboxing-2024\/\"><\/a><\/div><div class=\"eael-entry-thumbnail eael-image-ratio\">\n                                <img fetchpriority=\"high\" decoding=\"async\" width=\"300\" height=\"225\" src=\"https:\/\/www.fkberj.com.br\/site\/wp-content\/uploads\/2024\/09\/Inter_2024_FEED-300x225.jpg\" class=\"attachment-medium size-medium wp-image-606\" alt=\"\" srcset=\"https:\/\/www.fkberj.com.br\/site\/wp-content\/uploads\/2024\/09\/Inter_2024_FEED-300x225.jpg 300w, https:\/\/www.fkberj.com.br\/site\/wp-content\/uploads\/2024\/09\/Inter_2024_FEED-768x576.jpg 768w, https:\/\/www.fkberj.com.br\/site\/wp-content\/uploads\/2024\/09\/Inter_2024_FEED.jpg 800w\" sizes=\"(max-width: 300px) 100vw, 300px\" \/>\n                              <\/div>\n                      <\/div><div class=\"eael-entry-wrapper\"><header class=\"eael-entry-header\"><h2 class=\"eael-entry-title\"><a class=\"eael-grid-post-link\" href=\"https:\/\/www.fkberj.com.br\/site\/2024\/09\/04\/campeonato-intermunicipal-de-kickboxing-2024\/\" title=\"Campeonato Intermunicipal de Kickboxing 2024\">Campeonato Intermunicipal de Kickboxing 2024<\/a><\/h2><\/header><div class=\"eael-entry-content\">\n                                    <div class=\"eael-grid-post-excerpt\"><p>CAMPEONATO INTERMUNICIPAL DE KICKBOXING 2024\u00a0 Informo aos interessados, que o Campeonato Intermunicipal de Kickboxing 2024, ser\u00e1 realizada na\u00a0Vila Ol\u00edmpica Professor Manoel Jos\u00e9 Gomes Tubino, Rua C\u00e2ndido Ben\u00edcio, 2.973 &#8211; Campinho &#8211; Rio de Janeiro\u00a0&#8211; RJ CEP 21.310-390,\u00a0no dia\u00a017.11.2024, \u00e0s 08:30h....<\/p><a\n                                        href=\"https:\/\/www.fkberj.com.br\/site\/2024\/09\/04\/campeonato-intermunicipal-de-kickboxing-2024\/\"\n                                        class=\"eael-post-elements-readmore-btn\">Ler mais<\/a><\/div>\n                                <\/div><div class=\"eael-entry-header-after style-two\"><div class=\"eael-entry-meta\"><span class=\"eael-meta-posted-on\"><i class=\"far fa-clock\"><\/i><time datetime=\"setembro 4, 2024\">setembro 4, 2024<\/time><\/span><\/div><\/div><\/div><\/div>\n        <\/div>\n    <\/article><article class=\"eael-grid-post eael-post-grid-column\" data-id=\"599\">\n        <div class=\"eael-grid-post-holder\">\n            <div class=\"eael-grid-post-holder-inner\"><div class=\"eael-entry-media\"><div class=\"eael-entry-overlay fade-in\"><i class=\"fas fa-long-arrow-alt-right\" aria-hidden=\"true\"><\/i><a href=\"https:\/\/www.fkberj.com.br\/site\/2024\/09\/04\/seminario-oficial-de-kickboxing-2024-bruno-gazani\/\"><\/a><\/div><div class=\"eael-entry-thumbnail eael-image-ratio\">\n                                <img decoding=\"async\" width=\"300\" height=\"225\" src=\"https:\/\/www.fkberj.com.br\/site\/wp-content\/uploads\/2024\/09\/Seminario_FKBERJ_2024_Gazani_feed-300x225.jpg\" class=\"attachment-medium size-medium wp-image-600\" alt=\"\" srcset=\"https:\/\/www.fkberj.com.br\/site\/wp-content\/uploads\/2024\/09\/Seminario_FKBERJ_2024_Gazani_feed-300x225.jpg 300w, https:\/\/www.fkberj.com.br\/site\/wp-content\/uploads\/2024\/09\/Seminario_FKBERJ_2024_Gazani_feed-768x576.jpg 768w, https:\/\/www.fkberj.com.br\/site\/wp-content\/uploads\/2024\/09\/Seminario_FKBERJ_2024_Gazani_feed.jpg 800w\" sizes=\"(max-width: 300px) 100vw, 300px\" \/>\n                              <\/div>\n                      <\/div><div class=\"eael-entry-wrapper\"><header class=\"eael-entry-header\"><h2 class=\"eael-entry-title\"><a class=\"eael-grid-post-link\" href=\"https:\/\/www.fkberj.com.br\/site\/2024\/09\/04\/seminario-oficial-de-kickboxing-2024-bruno-gazani\/\" title=\"SEMIN\u00c1RIO OFICIAL DE KICKBOXING 2024 &#8211; BRUNO GAZANI\">SEMIN\u00c1RIO OFICIAL DE KICKBOXING 2024 &#8211; BRUNO GAZANI<\/a><\/h2><\/header><div class=\"eael-entry-content\">\n                                    <div class=\"eael-grid-post-excerpt\"><p>SEMIN\u00c1RIO OFICIAL DE KICKBOXING 2024 Informo aos interessados que o\u00a0Semin\u00e1rio Oficial de Kickboxing 2024\u00a0ser\u00e1 realizado pelo Professor Leonardo Alves de Jesus, atrav\u00e9s da ABAMM, no\u00a0Iate Clube Jardim Guanabara, que fica na\u00a0Rua Orestes Barbosa, 229 &#8211; Jardim Guanabara, Rio de Janeiro...<\/p><a\n                                        href=\"https:\/\/www.fkberj.com.br\/site\/2024\/09\/04\/seminario-oficial-de-kickboxing-2024-bruno-gazani\/\"\n                                        class=\"eael-post-elements-readmore-btn\">Ler mais<\/a><\/div>\n                                <\/div><div class=\"eael-entry-header-after style-two\"><div class=\"eael-entry-meta\"><span class=\"eael-meta-posted-on\"><i class=\"far fa-clock\"><\/i><time datetime=\"setembro 4, 2024\">setembro 4, 2024<\/time><\/span><\/div><\/div><\/div><\/div>\n        <\/div>\n    <\/article><article class=\"eael-grid-post eael-post-grid-column\" data-id=\"525\">\n        <div class=\"eael-grid-post-holder\">\n            <div class=\"eael-grid-post-holder-inner\"><div class=\"eael-entry-media\"><div class=\"eael-entry-overlay fade-in\"><i class=\"fas fa-long-arrow-alt-right\" aria-hidden=\"true\"><\/i><a href=\"https:\/\/www.fkberj.com.br\/site\/2024\/06\/20\/taca-rio-de-janeiro-de-kickboxing\/\"><\/a><\/div><div class=\"eael-entry-thumbnail eael-image-ratio\">\n                                <img loading=\"lazy\" decoding=\"async\" width=\"300\" height=\"96\" src=\"https:\/\/www.fkberj.com.br\/site\/wp-content\/uploads\/2024\/06\/TacaRJ_2024_CAPA-300x96.jpg\" class=\"attachment-medium size-medium wp-image-521\" alt=\"\" srcset=\"https:\/\/www.fkberj.com.br\/site\/wp-content\/uploads\/2024\/06\/TacaRJ_2024_CAPA-300x96.jpg 300w, https:\/\/www.fkberj.com.br\/site\/wp-content\/uploads\/2024\/06\/TacaRJ_2024_CAPA-1024x328.jpg 1024w, https:\/\/www.fkberj.com.br\/site\/wp-content\/uploads\/2024\/06\/TacaRJ_2024_CAPA-768x246.jpg 768w, https:\/\/www.fkberj.com.br\/site\/wp-content\/uploads\/2024\/06\/TacaRJ_2024_CAPA-1536x492.jpg 1536w, https:\/\/www.fkberj.com.br\/site\/wp-content\/uploads\/2024\/06\/TacaRJ_2024_CAPA-2048x656.jpg 2048w\" sizes=\"(max-width: 300px) 100vw, 300px\" \/>\n                              <\/div>\n                      <\/div><div class=\"eael-entry-wrapper\"><header class=\"eael-entry-header\"><h2 class=\"eael-entry-title\"><a class=\"eael-grid-post-link\" href=\"https:\/\/www.fkberj.com.br\/site\/2024\/06\/20\/taca-rio-de-janeiro-de-kickboxing\/\" title=\"Ta\u00e7a Rio de Janeiro de Kickboxing\">Ta\u00e7a Rio de Janeiro de Kickboxing<\/a><\/h2><\/header><div class=\"eael-entry-content\">\n                                    <div class=\"eael-grid-post-excerpt\"><p><\/p><a\n                                        href=\"https:\/\/www.fkberj.com.br\/site\/2024\/06\/20\/taca-rio-de-janeiro-de-kickboxing\/\"\n                                        class=\"eael-post-elements-readmore-btn\">Ler mais<\/a><\/div>\n                                <\/div><div class=\"eael-entry-header-after style-two\"><div class=\"eael-entry-meta\"><span class=\"eael-meta-posted-on\"><i class=\"far fa-clock\"><\/i><time datetime=\"junho 20, 2024\">junho 20, 2024<\/time><\/span><\/div><\/div><\/div><\/div>\n        <\/div>\n    <\/article><article class=\"eael-grid-post eael-post-grid-column\" data-id=\"486\">\n        <div class=\"eael-grid-post-holder\">\n            <div class=\"eael-grid-post-holder-inner\"><div class=\"eael-entry-media\"><div class=\"eael-entry-overlay fade-in\"><i class=\"fas fa-long-arrow-alt-right\" aria-hidden=\"true\"><\/i><a href=\"https:\/\/www.fkberj.com.br\/site\/2024\/06\/08\/1o-seminario-tecnico-oficial-para-formacao-do-faixa-preta-de-kickboxing-2024\/\"><\/a><\/div><div class=\"eael-entry-thumbnail eael-image-ratio\">\n                                <img loading=\"lazy\" decoding=\"async\" width=\"300\" height=\"300\" src=\"https:\/\/www.fkberj.com.br\/site\/wp-content\/uploads\/2024\/06\/cevto_423_SeminarioTecnico_FaixaPretaFKBERJ_2024_001_FEED-300x300.jpg\" class=\"attachment-medium size-medium wp-image-488\" alt=\"\" srcset=\"https:\/\/www.fkberj.com.br\/site\/wp-content\/uploads\/2024\/06\/cevto_423_SeminarioTecnico_FaixaPretaFKBERJ_2024_001_FEED-300x300.jpg 300w, https:\/\/www.fkberj.com.br\/site\/wp-content\/uploads\/2024\/06\/cevto_423_SeminarioTecnico_FaixaPretaFKBERJ_2024_001_FEED-1024x1024.jpg 1024w, https:\/\/www.fkberj.com.br\/site\/wp-content\/uploads\/2024\/06\/cevto_423_SeminarioTecnico_FaixaPretaFKBERJ_2024_001_FEED-150x150.jpg 150w, https:\/\/www.fkberj.com.br\/site\/wp-content\/uploads\/2024\/06\/cevto_423_SeminarioTecnico_FaixaPretaFKBERJ_2024_001_FEED-768x768.jpg 768w, https:\/\/www.fkberj.com.br\/site\/wp-content\/uploads\/2024\/06\/cevto_423_SeminarioTecnico_FaixaPretaFKBERJ_2024_001_FEED-1536x1536.jpg 1536w, https:\/\/www.fkberj.com.br\/site\/wp-content\/uploads\/2024\/06\/cevto_423_SeminarioTecnico_FaixaPretaFKBERJ_2024_001_FEED-2048x2048.jpg 2048w, https:\/\/www.fkberj.com.br\/site\/wp-content\/uploads\/2024\/06\/cevto_423_SeminarioTecnico_FaixaPretaFKBERJ_2024_001_FEED-600x600.jpg 600w\" sizes=\"(max-width: 300px) 100vw, 300px\" \/>\n                              <\/div>\n                      <\/div><div class=\"eael-entry-wrapper\"><header class=\"eael-entry-header\"><h2 class=\"eael-entry-title\"><a class=\"eael-grid-post-link\" href=\"https:\/\/www.fkberj.com.br\/site\/2024\/06\/08\/1o-seminario-tecnico-oficial-para-formacao-do-faixa-preta-de-kickboxing-2024\/\" title=\"1\u00ba Semin\u00e1rio T\u00e9cnico Oficial para forma\u00e7\u00e3o do Faixa Preta de Kickboxing 2024\">1\u00ba Semin\u00e1rio T\u00e9cnico Oficial para forma\u00e7\u00e3o do Faixa Preta de Kickboxing 2024<\/a><\/h2><\/header><div class=\"eael-entry-content\">\n                                    <div class=\"eael-grid-post-excerpt\"><p>1\u00ba Semin\u00e1rio T\u00e9cnico Oficial para forma\u00e7\u00e3o do Faixa Preta de Kickboxing 2024 FEDERA\u00c7\u00c3O DE KICKBOXING DO ESTADO DO RIO DE JANEIRO Considerada de Utilidade P\u00fablica Estadual Pela Lei n\u00ba 7052, de 26.08.2015.Registro no Conselho Municipal de Assist\u00eancia Social sob n\u00ba...<\/p><a\n                                        href=\"https:\/\/www.fkberj.com.br\/site\/2024\/06\/08\/1o-seminario-tecnico-oficial-para-formacao-do-faixa-preta-de-kickboxing-2024\/\"\n                                        class=\"eael-post-elements-readmore-btn\">Ler mais<\/a><\/div>\n                                <\/div><div class=\"eael-entry-header-after style-two\"><div class=\"eael-entry-meta\"><span class=\"eael-meta-posted-on\"><i class=\"far fa-clock\"><\/i><time datetime=\"junho 8, 2024\">junho 8, 2024<\/time><\/span><\/div><\/div><\/div><\/div>\n        <\/div>\n    <\/article><article class=\"eael-grid-post eael-post-grid-column\" data-id=\"505\">\n        <div class=\"eael-grid-post-holder\">\n            <div class=\"eael-grid-post-holder-inner\"><div class=\"eael-entry-media\"><div class=\"eael-entry-overlay fade-in\"><i class=\"fas fa-long-arrow-alt-right\" aria-hidden=\"true\"><\/i><a href=\"https:\/\/www.fkberj.com.br\/site\/2024\/06\/07\/3o-exame-de-faixa-preta-de-kickboxing-2024\/\"><\/a><\/div><div class=\"eael-entry-thumbnail eael-image-ratio\">\n                                <img loading=\"lazy\" decoding=\"async\" width=\"300\" height=\"300\" src=\"https:\/\/www.fkberj.com.br\/site\/wp-content\/uploads\/2024\/07\/cevto_422_CursoFaixaPretaFKBERJ_2024_003_feed-300x300.jpg\" class=\"attachment-medium size-medium wp-image-507\" alt=\"\" srcset=\"https:\/\/www.fkberj.com.br\/site\/wp-content\/uploads\/2024\/07\/cevto_422_CursoFaixaPretaFKBERJ_2024_003_feed-300x300.jpg 300w, https:\/\/www.fkberj.com.br\/site\/wp-content\/uploads\/2024\/07\/cevto_422_CursoFaixaPretaFKBERJ_2024_003_feed-1024x1024.jpg 1024w, https:\/\/www.fkberj.com.br\/site\/wp-content\/uploads\/2024\/07\/cevto_422_CursoFaixaPretaFKBERJ_2024_003_feed-150x150.jpg 150w, https:\/\/www.fkberj.com.br\/site\/wp-content\/uploads\/2024\/07\/cevto_422_CursoFaixaPretaFKBERJ_2024_003_feed-768x768.jpg 768w, https:\/\/www.fkberj.com.br\/site\/wp-content\/uploads\/2024\/07\/cevto_422_CursoFaixaPretaFKBERJ_2024_003_feed-1536x1536.jpg 1536w, https:\/\/www.fkberj.com.br\/site\/wp-content\/uploads\/2024\/07\/cevto_422_CursoFaixaPretaFKBERJ_2024_003_feed-2048x2048.jpg 2048w, https:\/\/www.fkberj.com.br\/site\/wp-content\/uploads\/2024\/07\/cevto_422_CursoFaixaPretaFKBERJ_2024_003_feed-600x600.jpg 600w\" sizes=\"(max-width: 300px) 100vw, 300px\" \/>\n                              <\/div>\n                      <\/div><div class=\"eael-entry-wrapper\"><header class=\"eael-entry-header\"><h2 class=\"eael-entry-title\"><a class=\"eael-grid-post-link\" href=\"https:\/\/www.fkberj.com.br\/site\/2024\/06\/07\/3o-exame-de-faixa-preta-de-kickboxing-2024\/\" title=\"3\u00ba Exame de Faixa Preta de Kickboxing 2024\">3\u00ba Exame de Faixa Preta de Kickboxing 2024<\/a><\/h2><\/header><div class=\"eael-entry-content\">\n                                    <div class=\"eael-grid-post-excerpt\"><p>3\u00ba Exame de Faixa Preta de Kickboxing 2024 Castro Alves Academia &#8211; Campo Grande &#8211; RJ BOLETIM OFICIAL N\u00ba 47\/2024 Em 10 DE MAIO DE 2024 O Presidente da Federa\u00e7\u00e3o de Kickboxing do Estado do Rio de Janeiro, no uso...<\/p><a\n                                        href=\"https:\/\/www.fkberj.com.br\/site\/2024\/06\/07\/3o-exame-de-faixa-preta-de-kickboxing-2024\/\"\n                                        class=\"eael-post-elements-readmore-btn\">Ler mais<\/a><\/div>\n                                <\/div><div class=\"eael-entry-header-after style-two\"><div class=\"eael-entry-meta\"><span class=\"eael-meta-posted-on\"><i class=\"far fa-clock\"><\/i><time datetime=\"junho 7, 2024\">junho 7, 2024<\/time><\/span><\/div><\/div><\/div><\/div>\n        <\/div>\n    <\/article><\/div>\n            <div class=\"clearfix\"><\/div>\n        <\/div>\t\t<\/div>\n\t\t\t\t<\/div>\n\t\t\t\t\t<\/div>\n\t\t<\/div>\n\t\t\t\t\t<\/div>\n\t\t<\/section>\n\t\t\t\t<\/div>\n\t\t","protected":false},"excerpt":{"rendered":"<p>Eventos Ta\u00e7a Rio de Janeiro de Kickboxing Ler mais junho 20, 2024 1\u00ba Semin\u00e1rio T\u00e9cnico Oficial para forma\u00e7\u00e3o do Faixa Preta de Kickboxing 2024 1\u00ba Semin\u00e1rio T\u00e9cnico Oficial para forma\u00e7\u00e3o do Faixa Preta de Kickboxing 2024 FEDERA\u00c7\u00c3O DE KICKBOXING DO ESTADO DO RIO DE JANEIRO Considerada de Utilidade P\u00fablica Estadual Pela Lei n\u00ba 7052, de [&hellip;]<\/p>\n","protected":false},"author":1,"featured_media":0,"parent":0,"menu_order":0,"comment_status":"closed","ping_status":"closed","template":"","meta":{"footnotes":""},"class_list":["post-256","page","type-page","status-publish","hentry","entry","has-media"],"aioseo_notices":[],"_links":{"self":[{"href":"https:\/\/www.fkberj.com.br\/site\/wp-json\/wp\/v2\/pages\/256","targetHints":{"allow":["GET"]}}],"collection":[{"href":"https:\/\/www.fkberj.com.br\/site\/wp-json\/wp\/v2\/pages"}],"about":[{"href":"https:\/\/www.fkberj.com.br\/site\/wp-json\/wp\/v2\/types\/page"}],"author":[{"embeddable":true,"href":"https:\/\/www.fkberj.com.br\/site\/wp-json\/wp\/v2\/users\/1"}],"replies":[{"embeddable":true,"href":"https:\/\/www.fkberj.com.br\/site\/wp-json\/wp\/v2\/comments?post=256"}],"version-history":[{"count":13,"href":"https:\/\/www.fkberj.com.br\/site\/wp-json\/wp\/v2\/pages\/256\/revisions"}],"predecessor-version":[{"id":585,"href":"https:\/\/www.fkberj.com.br\/site\/wp-json\/wp\/v2\/pages\/256\/revisions\/585"}],"wp:attachment":[{"href":"https:\/\/www.fkberj.com.br\/site\/wp-json\/wp\/v2\/media?parent=256"}],"curies":[{"name":"wp","href":"https:\/\/api.w.org\/{rel}","templated":true}]}}