{"id":221,"date":"2023-09-21T21:16:10","date_gmt":"2023-09-21T21:16:10","guid":{"rendered":"https:\/\/fkberj.com.br\/site\/?page_id=221"},"modified":"2024-06-27T20:05:53","modified_gmt":"2024-06-27T20:05:53","slug":"projeto-lutar-e-viver","status":"publish","type":"page","link":"https:\/\/www.fkberj.com.br\/site\/projeto-lutar-e-viver\/","title":{"rendered":"Projeto Lutar \u00e9 Viver"},"content":{"rendered":"\t\t<div data-elementor-type=\"wp-page\" data-elementor-id=\"221\" class=\"elementor elementor-221\">\n\t\t\t\t\t\t<section class=\"elementor-section elementor-top-section elementor-element elementor-element-bf6c6fd elementor-section-full_width elementor-section-height-default elementor-section-height-default\" data-id=\"bf6c6fd\" data-element_type=\"section\" data-settings=\"{&quot;background_background&quot;:&quot;classic&quot;}\">\n\t\t\t\t\t\t<div class=\"elementor-container elementor-column-gap-default\">\n\t\t\t\t\t<div class=\"elementor-column elementor-col-100 elementor-top-column elementor-element elementor-element-11cacab\" data-id=\"11cacab\" data-element_type=\"column\">\n\t\t\t<div class=\"elementor-widget-wrap elementor-element-populated\">\n\t\t\t\t\t\t<div class=\"elementor-element elementor-element-88680ce elementor-widget elementor-widget-heading\" data-id=\"88680ce\" data-element_type=\"widget\" data-widget_type=\"heading.default\">\n\t\t\t\t<div class=\"elementor-widget-container\">\n\t\t\t<h2 class=\"elementor-heading-title elementor-size-default\">Projeto Lutar \u00e9 Viver<\/h2>\t\t<\/div>\n\t\t\t\t<\/div>\n\t\t\t\t\t<\/div>\n\t\t<\/div>\n\t\t\t\t\t<\/div>\n\t\t<\/section>\n\t\t\t\t<section class=\"elementor-section elementor-top-section elementor-element elementor-element-12dfae3 elementor-section-boxed elementor-section-height-default elementor-section-height-default\" data-id=\"12dfae3\" data-element_type=\"section\">\n\t\t\t\t\t\t<div class=\"elementor-container elementor-column-gap-default\">\n\t\t\t\t\t<div class=\"elementor-column elementor-col-100 elementor-top-column elementor-element elementor-element-26770a2\" data-id=\"26770a2\" data-element_type=\"column\">\n\t\t\t<div class=\"elementor-widget-wrap elementor-element-populated\">\n\t\t\t\t\t\t<div class=\"elementor-element elementor-element-5dd8f2a elementor-widget elementor-widget-text-editor\" data-id=\"5dd8f2a\" data-element_type=\"widget\" data-widget_type=\"text-editor.default\">\n\t\t\t\t<div class=\"elementor-widget-container\">\n\t\t\t\t\t\t\t<h3>Para acessar mais informa\u00e7\u00f5es, acesse nosso blog.<\/h3><p><strong><a href=\"https:\/\/projetolutareviver.blogspot.com\/\" target=\"_blank\" rel=\"noopener\">https:\/\/projetolutareviver.blogspot.com\/<\/a><\/strong><\/p>\t\t\t\t\t\t<\/div>\n\t\t\t\t<\/div>\n\t\t\t\t\t<\/div>\n\t\t<\/div>\n\t\t\t\t\t<\/div>\n\t\t<\/section>\n\t\t\t\t<section class=\"elementor-section elementor-top-section elementor-element elementor-element-2688383 elementor-section-boxed elementor-section-height-default elementor-section-height-default\" data-id=\"2688383\" data-element_type=\"section\">\n\t\t\t\t\t\t<div class=\"elementor-container elementor-column-gap-default\">\n\t\t\t\t\t<div class=\"elementor-column elementor-col-100 elementor-top-column elementor-element elementor-element-9f602f0\" data-id=\"9f602f0\" data-element_type=\"column\">\n\t\t\t<div class=\"elementor-widget-wrap elementor-element-populated\">\n\t\t\t\t\t\t<div class=\"elementor-element elementor-element-b960e96 elementor-grid-eael-col-4 elementor-grid-tablet-eael-col-2 elementor-grid-mobile-eael-col-1 elementor-invisible elementor-widget elementor-widget-eael-post-grid\" data-id=\"b960e96\" data-element_type=\"widget\" data-settings=\"{&quot;_animation&quot;:&quot;fadeIn&quot;,&quot;eael_post_grid_columns&quot;:&quot;eael-col-4&quot;,&quot;eael_post_grid_columns_tablet&quot;:&quot;eael-col-2&quot;,&quot;eael_post_grid_columns_mobile&quot;:&quot;eael-col-1&quot;}\" data-widget_type=\"eael-post-grid.default\">\n\t\t\t\t<div class=\"elementor-widget-container\">\n\t\t\t<div id=\"eael-post-grid-b960e96\" class=\"eael-post-grid-container\">\n            <div class=\"eael-post-grid eael-post-appender eael-post-appender-b960e96 eael-post-grid-style-two\" data-layout-mode=\"grid\"><article class=\"eael-grid-post eael-post-grid-column\" data-id=\"227\">\n        <div class=\"eael-grid-post-holder\">\n            <div class=\"eael-grid-post-holder-inner\"><div class=\"eael-entry-media\"><div class=\"eael-entry-overlay fade-in\"><i class=\"fas fa-long-arrow-alt-right\" aria-hidden=\"true\"><\/i><a href=\"https:\/\/www.fkberj.com.br\/site\/2023\/09\/21\/atletas-do-projeto-lutar-e-viver-sao-destaque-na-copa-brasil-de-kickboxing-2023-no-mato-grosso-do-sul\/\"><\/a><\/div><div class=\"eael-entry-thumbnail eael-image-ratio\">\n                                <img decoding=\"async\" width=\"150\" height=\"150\" src=\"https:\/\/www.fkberj.com.br\/site\/wp-content\/uploads\/2023\/09\/Fotos-da-Copa-Brasil-2023-18-150x150.jpg\" class=\"attachment-thumbnail size-thumbnail wp-image-232\" alt=\"\" \/>\n                              <\/div>\n                      <\/div><div class=\"eael-entry-wrapper\"><header class=\"eael-entry-header\"><h2 class=\"eael-entry-title\"><a class=\"eael-grid-post-link\" href=\"https:\/\/www.fkberj.com.br\/site\/2023\/09\/21\/atletas-do-projeto-lutar-e-viver-sao-destaque-na-copa-brasil-de-kickboxing-2023-no-mato-grosso-do-sul\/\" title=\"Atletas do Projeto Lutar \u00e9 Viver s\u00e3o destaque na Copa Brasil de Kickboxing 2023, no Mato Grosso do Sul\">Atletas do Projeto Lutar \u00e9 Viver s\u00e3o destaque na Copa Brasil de Kickboxing 2023, no Mato Grosso do Sul<\/a><\/h2><\/header><div class=\"eael-entry-content\">\n                                    <div class=\"eael-grid-post-excerpt\"><p>O Projeto Lutar \u00e9 Viver nasceu de uma parceria entre a FKBERJ \u2013 Federa\u00e7\u00e3o de Kickboxing do Estado do Rio de Janeiro e a Secretaria de Esporte e Lazer do munic\u00edpio de S\u00e3o Gon\u00e7alo, que disponibiliza n\u00facleos esportivos da modalidade...<\/p><a\n                                        href=\"https:\/\/www.fkberj.com.br\/site\/2023\/09\/21\/atletas-do-projeto-lutar-e-viver-sao-destaque-na-copa-brasil-de-kickboxing-2023-no-mato-grosso-do-sul\/\"\n                                        class=\"eael-post-elements-readmore-btn\">Ler mais<\/a><\/div>\n                                <\/div><div class=\"eael-entry-header-after style-two\"><div class=\"eael-entry-meta\"><span class=\"eael-meta-posted-on\"><i class=\"far fa-clock\"><\/i><time datetime=\"setembro 21, 2023\">setembro 21, 2023<\/time><\/span><\/div><\/div><\/div><\/div>\n        <\/div>\n    <\/article><\/div>\n            <div class=\"clearfix\"><\/div>\n        <\/div>\t\t<\/div>\n\t\t\t\t<\/div>\n\t\t\t\t\t<\/div>\n\t\t<\/div>\n\t\t\t\t\t<\/div>\n\t\t<\/section>\n\t\t\t\t<\/div>\n\t\t","protected":false},"excerpt":{"rendered":"<p>Projeto Lutar \u00e9 Viver Para acessar mais informa\u00e7\u00f5es, acesse nosso blog. https:\/\/projetolutareviver.blogspot.com\/ Atletas do Projeto Lutar \u00e9 Viver s\u00e3o destaque na Copa Brasil de Kickboxing 2023, no Mato Grosso do Sul O Projeto Lutar \u00e9 Viver nasceu de uma parceria entre a FKBERJ \u2013 Federa\u00e7\u00e3o de Kickboxing do Estado do Rio de Janeiro e a [&hellip;]<\/p>\n","protected":false},"author":1,"featured_media":0,"parent":0,"menu_order":0,"comment_status":"closed","ping_status":"closed","template":"","meta":{"footnotes":""},"class_list":["post-221","page","type-page","status-publish","hentry","entry","has-media"],"aioseo_notices":[],"_links":{"self":[{"href":"https:\/\/www.fkberj.com.br\/site\/wp-json\/wp\/v2\/pages\/221","targetHints":{"allow":["GET"]}}],"collection":[{"href":"https:\/\/www.fkberj.com.br\/site\/wp-json\/wp\/v2\/pages"}],"about":[{"href":"https:\/\/www.fkberj.com.br\/site\/wp-json\/wp\/v2\/types\/page"}],"author":[{"embeddable":true,"href":"https:\/\/www.fkberj.com.br\/site\/wp-json\/wp\/v2\/users\/1"}],"replies":[{"embeddable":true,"href":"https:\/\/www.fkberj.com.br\/site\/wp-json\/wp\/v2\/comments?post=221"}],"version-history":[{"count":13,"href":"https:\/\/www.fkberj.com.br\/site\/wp-json\/wp\/v2\/pages\/221\/revisions"}],"predecessor-version":[{"id":581,"href":"https:\/\/www.fkberj.com.br\/site\/wp-json\/wp\/v2\/pages\/221\/revisions\/581"}],"wp:attachment":[{"href":"https:\/\/www.fkberj.com.br\/site\/wp-json\/wp\/v2\/media?parent=221"}],"curies":[{"name":"wp","href":"https:\/\/api.w.org\/{rel}","templated":true}]}}